{"id":497,"date":"2023-09-21T17:16:37","date_gmt":"2023-09-21T17:16:37","guid":{"rendered":"https:\/\/blog.bancatlan.sv\/blog\/?page_id=497"},"modified":"2024-04-29T20:21:28","modified_gmt":"2024-04-29T20:21:28","slug":"seguridad-de-la-informacion","status":"publish","type":"page","link":"https:\/\/blog.bancatlan.sv\/blog\/seguridad-de-la-informacion\/","title":{"rendered":"Ciberseguridad"},"content":{"rendered":"\t\t<div data-elementor-type=\"wp-page\" data-elementor-id=\"497\" class=\"elementor elementor-497\" data-elementor-post-type=\"page\">\n\t\t\t\t\t\t\t\t\t<section class=\"elementor-section elementor-top-section elementor-element elementor-element-37cf7c5 elementor-section-boxed elementor-section-height-default elementor-section-height-default\" data-id=\"37cf7c5\" data-element_type=\"section\">\n\t\t\t\t\t\t<div class=\"elementor-container elementor-column-gap-default\">\n\t\t\t\t\t<div class=\"elementor-column elementor-col-100 elementor-top-column elementor-element elementor-element-134be3a\" data-id=\"134be3a\" data-element_type=\"column\">\n\t\t\t<div class=\"elementor-widget-wrap elementor-element-populated\">\n\t\t\t\t\t\t\t\t<div class=\"elementor-element elementor-element-a3ad737 elementor-grid-1 elementor-posts--thumbnail-left elementor-grid-tablet-2 elementor-grid-mobile-1 elementor-widget elementor-widget-posts\" data-id=\"a3ad737\" data-element_type=\"widget\" data-settings=\"{&quot;classic_columns&quot;:&quot;1&quot;,&quot;classic_columns_tablet&quot;:&quot;2&quot;,&quot;classic_columns_mobile&quot;:&quot;1&quot;,&quot;classic_row_gap&quot;:{&quot;unit&quot;:&quot;px&quot;,&quot;size&quot;:35,&quot;sizes&quot;:[]},&quot;classic_row_gap_tablet&quot;:{&quot;unit&quot;:&quot;px&quot;,&quot;size&quot;:&quot;&quot;,&quot;sizes&quot;:[]},&quot;classic_row_gap_mobile&quot;:{&quot;unit&quot;:&quot;px&quot;,&quot;size&quot;:&quot;&quot;,&quot;sizes&quot;:[]}}\" data-widget_type=\"posts.classic\">\n\t\t\t\t<div class=\"elementor-widget-container\">\n\t\t\t<link rel=\"stylesheet\" href=\"https:\/\/blog.bancatlan.sv\/blog\/wp-content\/plugins\/elementor-pro\/assets\/css\/widget-posts.min.css\">\t\t<div class=\"elementor-posts-container elementor-posts elementor-posts--skin-classic elementor-grid\">\n\t\t\t\t<article class=\"elementor-post elementor-grid-item post-883 post type-post status-publish format-standard has-post-thumbnail hentry category-seguridad\">\n\t\t\t\t<a class=\"elementor-post__thumbnail__link\" href=\"https:\/\/blog.bancatlan.sv\/blog\/asegura-la-estabilidad-financiera-e-informatica-de-tu-negocio\/\" tabindex=\"-1\" >\n\t\t\t<div class=\"elementor-post__thumbnail\"><img loading=\"lazy\" decoding=\"async\" width=\"464\" height=\"309\" src=\"https:\/\/blog.bancatlan.sv\/blog\/wp-content\/uploads\/2026\/03\/Asegura-la-estabilidad-financiera-e-informatica-de-tu-negocio.jpg\" class=\"attachment-full size-full wp-image-884\" alt=\"\" \/><\/div>\n\t\t<\/a>\n\t\t\t\t<div class=\"elementor-post__text\">\n\t\t\t\t<h3 class=\"elementor-post__title\">\n\t\t\t<a href=\"https:\/\/blog.bancatlan.sv\/blog\/asegura-la-estabilidad-financiera-e-informatica-de-tu-negocio\/\" >\n\t\t\t\tAsegura la estabilidad financiera e inform\u00e1tica de tu negocio\t\t\t<\/a>\n\t\t<\/h3>\n\t\t\n\t\t<a class=\"elementor-post__read-more\" href=\"https:\/\/blog.bancatlan.sv\/blog\/asegura-la-estabilidad-financiera-e-informatica-de-tu-negocio\/\" aria-label=\"M\u00e1s informaci\u00f3n sobre Asegura la estabilidad financiera e inform\u00e1tica de tu negocio\" tabindex=\"-1\" >\n\t\t\tLeer m\u00e1s \u00bb\t\t<\/a>\n\n\t\t\t\t<\/div>\n\t\t\t\t<\/article>\n\t\t\t\t<article class=\"elementor-post elementor-grid-item post-879 post type-post status-publish format-standard has-post-thumbnail hentry category-seguridad\">\n\t\t\t\t<a class=\"elementor-post__thumbnail__link\" href=\"https:\/\/blog.bancatlan.sv\/blog\/lo-que-tu-negocio-debe-saber-sobre-depositos-a-plazo-fijo\/\" tabindex=\"-1\" >\n\t\t\t<div class=\"elementor-post__thumbnail\"><img loading=\"lazy\" decoding=\"async\" width=\"6720\" height=\"4480\" src=\"https:\/\/blog.bancatlan.sv\/blog\/wp-content\/uploads\/2026\/03\/happy-couple-signing-contract-meeting-with-their-real-estate-agent-office.jpg\" class=\"attachment-full size-full wp-image-880\" alt=\"\" \/><\/div>\n\t\t<\/a>\n\t\t\t\t<div class=\"elementor-post__text\">\n\t\t\t\t<h3 class=\"elementor-post__title\">\n\t\t\t<a href=\"https:\/\/blog.bancatlan.sv\/blog\/lo-que-tu-negocio-debe-saber-sobre-depositos-a-plazo-fijo\/\" >\n\t\t\t\t\u00a0Lo que tu negocio debe saber sobre dep\u00f3sitos a plazo fijo\t\t\t<\/a>\n\t\t<\/h3>\n\t\t\n\t\t<a class=\"elementor-post__read-more\" href=\"https:\/\/blog.bancatlan.sv\/blog\/lo-que-tu-negocio-debe-saber-sobre-depositos-a-plazo-fijo\/\" aria-label=\"M\u00e1s informaci\u00f3n sobre \u00a0Lo que tu negocio debe saber sobre dep\u00f3sitos a plazo fijo\" tabindex=\"-1\" >\n\t\t\tLeer m\u00e1s \u00bb\t\t<\/a>\n\n\t\t\t\t<\/div>\n\t\t\t\t<\/article>\n\t\t\t\t<article class=\"elementor-post elementor-grid-item post-805 post type-post status-publish format-standard has-post-thumbnail hentry category-seguridad\">\n\t\t\t\t<a class=\"elementor-post__thumbnail__link\" href=\"https:\/\/blog.bancatlan.sv\/blog\/cuenta-corriente-o-de-ahorro-todo-lo-que-debes-saber-de-ambas\/\" tabindex=\"-1\" >\n\t\t\t<div class=\"elementor-post__thumbnail\"><img loading=\"lazy\" decoding=\"async\" width=\"1920\" height=\"1281\" src=\"https:\/\/blog.bancatlan.sv\/blog\/wp-content\/uploads\/2025\/01\/baes25-feb-blog.jpg\" class=\"attachment-full size-full wp-image-806\" alt=\"\" \/><\/div>\n\t\t<\/a>\n\t\t\t\t<div class=\"elementor-post__text\">\n\t\t\t\t<h3 class=\"elementor-post__title\">\n\t\t\t<a href=\"https:\/\/blog.bancatlan.sv\/blog\/cuenta-corriente-o-de-ahorro-todo-lo-que-debes-saber-de-ambas\/\" >\n\t\t\t\t\u00bfCuenta corriente o de ahorro? Todo lo que debes saber de ambas\t\t\t<\/a>\n\t\t<\/h3>\n\t\t\n\t\t<a class=\"elementor-post__read-more\" href=\"https:\/\/blog.bancatlan.sv\/blog\/cuenta-corriente-o-de-ahorro-todo-lo-que-debes-saber-de-ambas\/\" aria-label=\"M\u00e1s informaci\u00f3n sobre \u00bfCuenta corriente o de ahorro? Todo lo que debes saber de ambas\" tabindex=\"-1\" >\n\t\t\tLeer m\u00e1s \u00bb\t\t<\/a>\n\n\t\t\t\t<\/div>\n\t\t\t\t<\/article>\n\t\t\t\t<article class=\"elementor-post elementor-grid-item post-644 post type-post status-publish format-standard has-post-thumbnail hentry category-seguridad tag-ciberseguridad\">\n\t\t\t\t<a class=\"elementor-post__thumbnail__link\" href=\"https:\/\/blog.bancatlan.sv\/blog\/como-identificar-entidades-financieras-reguladas\/\" tabindex=\"-1\" >\n\t\t\t<div class=\"elementor-post__thumbnail\"><img loading=\"lazy\" decoding=\"async\" width=\"7008\" height=\"4672\" src=\"https:\/\/blog.bancatlan.sv\/blog\/wp-content\/uploads\/2024\/04\/shutterstock_2223351471.jpg\" class=\"attachment-full size-full wp-image-645\" alt=\"\" \/><\/div>\n\t\t<\/a>\n\t\t\t\t<div class=\"elementor-post__text\">\n\t\t\t\t<h3 class=\"elementor-post__title\">\n\t\t\t<a href=\"https:\/\/blog.bancatlan.sv\/blog\/como-identificar-entidades-financieras-reguladas\/\" >\n\t\t\t\tC\u00f3mo identificar entidades financieras reguladas\t\t\t<\/a>\n\t\t<\/h3>\n\t\t\n\t\t<a class=\"elementor-post__read-more\" href=\"https:\/\/blog.bancatlan.sv\/blog\/como-identificar-entidades-financieras-reguladas\/\" aria-label=\"M\u00e1s informaci\u00f3n sobre C\u00f3mo identificar entidades financieras reguladas\" tabindex=\"-1\" >\n\t\t\tLeer m\u00e1s \u00bb\t\t<\/a>\n\n\t\t\t\t<\/div>\n\t\t\t\t<\/article>\n\t\t\t\t<article class=\"elementor-post elementor-grid-item post-615 post type-post status-publish format-standard has-post-thumbnail hentry category-seguridad tag-ciberseguridad tag-phishing tag-smishing tag-vacaciones tag-wifi\">\n\t\t\t\t<a class=\"elementor-post__thumbnail__link\" href=\"https:\/\/blog.bancatlan.sv\/blog\/finanzas-seguras-en-vacaciones-identifica-las-estafas-ciberneticas\/\" tabindex=\"-1\" >\n\t\t\t<div class=\"elementor-post__thumbnail\"><img loading=\"lazy\" decoding=\"async\" width=\"4256\" height=\"2832\" src=\"https:\/\/blog.bancatlan.sv\/blog\/wp-content\/uploads\/2024\/02\/shutterstock_459685618.jpg\" class=\"attachment-full size-full wp-image-622\" alt=\"\" \/><\/div>\n\t\t<\/a>\n\t\t\t\t<div class=\"elementor-post__text\">\n\t\t\t\t<h3 class=\"elementor-post__title\">\n\t\t\t<a href=\"https:\/\/blog.bancatlan.sv\/blog\/finanzas-seguras-en-vacaciones-identifica-las-estafas-ciberneticas\/\" >\n\t\t\t\tFinanzas seguras en vacaciones: identifica las estafas cibern\u00e9ticas\t\t\t<\/a>\n\t\t<\/h3>\n\t\t\n\t\t<a class=\"elementor-post__read-more\" href=\"https:\/\/blog.bancatlan.sv\/blog\/finanzas-seguras-en-vacaciones-identifica-las-estafas-ciberneticas\/\" aria-label=\"M\u00e1s informaci\u00f3n sobre Finanzas seguras en vacaciones: identifica las estafas cibern\u00e9ticas\" tabindex=\"-1\" >\n\t\t\tLeer m\u00e1s \u00bb\t\t<\/a>\n\n\t\t\t\t<\/div>\n\t\t\t\t<\/article>\n\t\t\t\t<article class=\"elementor-post elementor-grid-item post-219 post type-post status-publish format-standard has-post-thumbnail hentry category-seguridad\">\n\t\t\t\t<a class=\"elementor-post__thumbnail__link\" href=\"https:\/\/blog.bancatlan.sv\/blog\/que-es-ciberseguridad-y-como-evitar-caer-en-estafas-ciberneticas\/\" tabindex=\"-1\" >\n\t\t\t<div class=\"elementor-post__thumbnail\"><img loading=\"lazy\" decoding=\"async\" width=\"2560\" height=\"1708\" src=\"https:\/\/blog.bancatlan.sv\/blog\/wp-content\/uploads\/2023\/08\/concepto-collage-control-calidad-estandar-scaled.jpg\" class=\"attachment-full size-full wp-image-288\" alt=\"\" srcset=\"https:\/\/blog.bancatlan.sv\/blog\/wp-content\/uploads\/2023\/08\/concepto-collage-control-calidad-estandar-scaled.jpg 2560w, https:\/\/blog.bancatlan.sv\/blog\/wp-content\/uploads\/2023\/08\/concepto-collage-control-calidad-estandar-300x200.jpg 300w, https:\/\/blog.bancatlan.sv\/blog\/wp-content\/uploads\/2023\/08\/concepto-collage-control-calidad-estandar-1024x683.jpg 1024w, https:\/\/blog.bancatlan.sv\/blog\/wp-content\/uploads\/2023\/08\/concepto-collage-control-calidad-estandar-768x512.jpg 768w, https:\/\/blog.bancatlan.sv\/blog\/wp-content\/uploads\/2023\/08\/concepto-collage-control-calidad-estandar-1536x1025.jpg 1536w\" sizes=\"auto, (max-width: 2560px) 100vw, 2560px\" \/><\/div>\n\t\t<\/a>\n\t\t\t\t<div class=\"elementor-post__text\">\n\t\t\t\t<h3 class=\"elementor-post__title\">\n\t\t\t<a href=\"https:\/\/blog.bancatlan.sv\/blog\/que-es-ciberseguridad-y-como-evitar-caer-en-estafas-ciberneticas\/\" >\n\t\t\t\t\u00bfQu\u00e9 es ciberseguridad y c\u00f3mo evitar caer en estafas cibern\u00e9ticas?\t\t\t<\/a>\n\t\t<\/h3>\n\t\t\n\t\t<a class=\"elementor-post__read-more\" href=\"https:\/\/blog.bancatlan.sv\/blog\/que-es-ciberseguridad-y-como-evitar-caer-en-estafas-ciberneticas\/\" aria-label=\"M\u00e1s informaci\u00f3n sobre \u00bfQu\u00e9 es ciberseguridad y c\u00f3mo evitar caer en estafas cibern\u00e9ticas?\" tabindex=\"-1\" >\n\t\t\tLeer m\u00e1s \u00bb\t\t<\/a>\n\n\t\t\t\t<\/div>\n\t\t\t\t<\/article>\n\t\t\t\t<\/div>\n\t\t\n\t\t\t\t<\/div>\n\t\t\t\t<\/div>\n\t\t\t\t\t<\/div>\n\t\t<\/div>\n\t\t\t\t\t\t\t<\/div>\n\t\t<\/section>\n\t\t\t\t\t\t\t<\/div>\n\t\t","protected":false},"excerpt":{"rendered":"","protected":false},"author":1,"featured_media":0,"parent":0,"menu_order":0,"comment_status":"closed","ping_status":"closed","template":"elementor_theme","meta":{"footnotes":""},"class_list":["post-497","page","type-page","status-publish","hentry"],"_links":{"self":[{"href":"https:\/\/blog.bancatlan.sv\/blog\/wp-json\/wp\/v2\/pages\/497","targetHints":{"allow":["GET"]}}],"collection":[{"href":"https:\/\/blog.bancatlan.sv\/blog\/wp-json\/wp\/v2\/pages"}],"about":[{"href":"https:\/\/blog.bancatlan.sv\/blog\/wp-json\/wp\/v2\/types\/page"}],"author":[{"embeddable":true,"href":"https:\/\/blog.bancatlan.sv\/blog\/wp-json\/wp\/v2\/users\/1"}],"replies":[{"embeddable":true,"href":"https:\/\/blog.bancatlan.sv\/blog\/wp-json\/wp\/v2\/comments?post=497"}],"version-history":[{"count":20,"href":"https:\/\/blog.bancatlan.sv\/blog\/wp-json\/wp\/v2\/pages\/497\/revisions"}],"predecessor-version":[{"id":666,"href":"https:\/\/blog.bancatlan.sv\/blog\/wp-json\/wp\/v2\/pages\/497\/revisions\/666"}],"wp:attachment":[{"href":"https:\/\/blog.bancatlan.sv\/blog\/wp-json\/wp\/v2\/media?parent=497"}],"curies":[{"name":"wp","href":"https:\/\/api.w.org\/{rel}","templated":true}]}}