{"id":509,"date":"2023-09-21T17:23:05","date_gmt":"2023-09-21T17:23:05","guid":{"rendered":"https:\/\/blog.bancatlan.sv\/blog\/?page_id=509"},"modified":"2024-04-29T20:20:44","modified_gmt":"2024-04-29T20:20:44","slug":"productos-y-servicios","status":"publish","type":"page","link":"https:\/\/blog.bancatlan.sv\/blog\/productos-y-servicios\/","title":{"rendered":"Productos y servicios"},"content":{"rendered":"\t\t<div data-elementor-type=\"wp-page\" data-elementor-id=\"509\" class=\"elementor elementor-509\" data-elementor-post-type=\"page\">\n\t\t\t\t\t\t\t\t\t<section class=\"elementor-section elementor-top-section elementor-element elementor-element-37cf7c5 elementor-section-boxed elementor-section-height-default elementor-section-height-default\" data-id=\"37cf7c5\" data-element_type=\"section\">\n\t\t\t\t\t\t<div class=\"elementor-container elementor-column-gap-default\">\n\t\t\t\t\t<div class=\"elementor-column elementor-col-100 elementor-top-column elementor-element elementor-element-134be3a\" data-id=\"134be3a\" data-element_type=\"column\">\n\t\t\t<div class=\"elementor-widget-wrap elementor-element-populated\">\n\t\t\t\t\t\t\t\t<div class=\"elementor-element elementor-element-a3ad737 elementor-grid-1 elementor-posts--thumbnail-left elementor-grid-tablet-2 elementor-grid-mobile-1 elementor-widget elementor-widget-posts\" data-id=\"a3ad737\" data-element_type=\"widget\" data-settings=\"{&quot;classic_columns&quot;:&quot;1&quot;,&quot;classic_columns_tablet&quot;:&quot;2&quot;,&quot;classic_columns_mobile&quot;:&quot;1&quot;,&quot;classic_row_gap&quot;:{&quot;unit&quot;:&quot;px&quot;,&quot;size&quot;:35,&quot;sizes&quot;:[]},&quot;classic_row_gap_tablet&quot;:{&quot;unit&quot;:&quot;px&quot;,&quot;size&quot;:&quot;&quot;,&quot;sizes&quot;:[]},&quot;classic_row_gap_mobile&quot;:{&quot;unit&quot;:&quot;px&quot;,&quot;size&quot;:&quot;&quot;,&quot;sizes&quot;:[]}}\" data-widget_type=\"posts.classic\">\n\t\t\t\t<div class=\"elementor-widget-container\">\n\t\t\t<link rel=\"stylesheet\" href=\"https:\/\/blog.bancatlan.sv\/blog\/wp-content\/plugins\/elementor-pro\/assets\/css\/widget-posts.min.css\">\t\t<div class=\"elementor-posts-container elementor-posts elementor-posts--skin-classic elementor-grid\">\n\t\t\t\t<article class=\"elementor-post elementor-grid-item post-875 post type-post status-publish format-standard has-post-thumbnail hentry category-productos\">\n\t\t\t\t<a class=\"elementor-post__thumbnail__link\" href=\"https:\/\/blog.bancatlan.sv\/blog\/credito-vs-debito-cual-tarjeta-deberias-usar\/\" tabindex=\"-1\" >\n\t\t\t<div class=\"elementor-post__thumbnail\"><img loading=\"lazy\" decoding=\"async\" width=\"464\" height=\"309\" src=\"https:\/\/blog.bancatlan.sv\/blog\/wp-content\/uploads\/2026\/03\/Credito-vs.-Debito-\u00bfcual-tarjeta-deberias-usar.jpg\" class=\"attachment-full size-full wp-image-876\" alt=\"\" \/><\/div>\n\t\t<\/a>\n\t\t\t\t<div class=\"elementor-post__text\">\n\t\t\t\t<h3 class=\"elementor-post__title\">\n\t\t\t<a href=\"https:\/\/blog.bancatlan.sv\/blog\/credito-vs-debito-cual-tarjeta-deberias-usar\/\" >\n\t\t\t\tCr\u00e9dito vs. D\u00e9bito: \u00bfcu\u00e1l tarjeta deber\u00edas usar?\t\t\t<\/a>\n\t\t<\/h3>\n\t\t\n\t\t<a class=\"elementor-post__read-more\" href=\"https:\/\/blog.bancatlan.sv\/blog\/credito-vs-debito-cual-tarjeta-deberias-usar\/\" aria-label=\"M\u00e1s informaci\u00f3n sobre Cr\u00e9dito vs. D\u00e9bito: \u00bfcu\u00e1l tarjeta deber\u00edas usar?\" tabindex=\"-1\" >\n\t\t\tLeer m\u00e1s \u00bb\t\t<\/a>\n\n\t\t\t\t<\/div>\n\t\t\t\t<\/article>\n\t\t\t\t<article class=\"elementor-post elementor-grid-item post-870 post type-post status-publish format-standard has-post-thumbnail hentry category-productos\">\n\t\t\t\t<a class=\"elementor-post__thumbnail__link\" href=\"https:\/\/blog.bancatlan.sv\/blog\/importancia-y-tipos-de-garantias-para-creditos\/\" tabindex=\"-1\" >\n\t\t\t<div class=\"elementor-post__thumbnail\"><img loading=\"lazy\" decoding=\"async\" width=\"464\" height=\"301\" src=\"https:\/\/blog.bancatlan.sv\/blog\/wp-content\/uploads\/2026\/03\/Importancia_y_tipos_de_garantias_para_creditos.jpg\" class=\"attachment-full size-full wp-image-872\" alt=\"\" \/><\/div>\n\t\t<\/a>\n\t\t\t\t<div class=\"elementor-post__text\">\n\t\t\t\t<h3 class=\"elementor-post__title\">\n\t\t\t<a href=\"https:\/\/blog.bancatlan.sv\/blog\/importancia-y-tipos-de-garantias-para-creditos\/\" >\n\t\t\t\tImportancia y tipos de garant\u00edas para cr\u00e9ditos\t\t\t<\/a>\n\t\t<\/h3>\n\t\t\n\t\t<a class=\"elementor-post__read-more\" href=\"https:\/\/blog.bancatlan.sv\/blog\/importancia-y-tipos-de-garantias-para-creditos\/\" aria-label=\"M\u00e1s informaci\u00f3n sobre Importancia y tipos de garant\u00edas para cr\u00e9ditos\" tabindex=\"-1\" >\n\t\t\tLeer m\u00e1s \u00bb\t\t<\/a>\n\n\t\t\t\t<\/div>\n\t\t\t\t<\/article>\n\t\t\t\t<article class=\"elementor-post elementor-grid-item post-817 post type-post status-publish format-standard has-post-thumbnail hentry category-productos category-consejos\">\n\t\t\t\t<a class=\"elementor-post__thumbnail__link\" href=\"https:\/\/blog.bancatlan.sv\/blog\/tarjetas-prestamos-y-mas-aprovecha-los-creditos-con-responsabilidad\/\" tabindex=\"-1\" >\n\t\t\t<div class=\"elementor-post__thumbnail\"><img loading=\"lazy\" decoding=\"async\" width=\"1392\" height=\"926\" src=\"https:\/\/blog.bancatlan.sv\/blog\/wp-content\/uploads\/2025\/03\/woman-sat-with-laptop-paid-with-credit-card-cafe.webp\" class=\"attachment-full size-full wp-image-818\" alt=\"\" \/><\/div>\n\t\t<\/a>\n\t\t\t\t<div class=\"elementor-post__text\">\n\t\t\t\t<h3 class=\"elementor-post__title\">\n\t\t\t<a href=\"https:\/\/blog.bancatlan.sv\/blog\/tarjetas-prestamos-y-mas-aprovecha-los-creditos-con-responsabilidad\/\" >\n\t\t\t\tTarjetas, pr\u00e9stamos y m\u00e1s: aprovecha los cr\u00e9ditos con responsabilidad\t\t\t<\/a>\n\t\t<\/h3>\n\t\t\n\t\t<a class=\"elementor-post__read-more\" href=\"https:\/\/blog.bancatlan.sv\/blog\/tarjetas-prestamos-y-mas-aprovecha-los-creditos-con-responsabilidad\/\" aria-label=\"M\u00e1s informaci\u00f3n sobre Tarjetas, pr\u00e9stamos y m\u00e1s: aprovecha los cr\u00e9ditos con responsabilidad\" tabindex=\"-1\" >\n\t\t\tLeer m\u00e1s \u00bb\t\t<\/a>\n\n\t\t\t\t<\/div>\n\t\t\t\t<\/article>\n\t\t\t\t<article class=\"elementor-post elementor-grid-item post-809 post type-post status-publish format-standard has-post-thumbnail hentry category-desarrollo-sostenible category-productos\">\n\t\t\t\t<a class=\"elementor-post__thumbnail__link\" href=\"https:\/\/blog.bancatlan.sv\/blog\/mujeres-de-negocios-herramientas-para-el-crecimiento-empresarial\/\" tabindex=\"-1\" >\n\t\t\t<div class=\"elementor-post__thumbnail\"><img loading=\"lazy\" decoding=\"async\" width=\"464\" height=\"309\" src=\"https:\/\/blog.bancatlan.sv\/blog\/wp-content\/uploads\/2025\/02\/img-blog-marzo.jpg\" class=\"attachment-full size-full wp-image-813\" alt=\"\" \/><\/div>\n\t\t<\/a>\n\t\t\t\t<div class=\"elementor-post__text\">\n\t\t\t\t<h3 class=\"elementor-post__title\">\n\t\t\t<a href=\"https:\/\/blog.bancatlan.sv\/blog\/mujeres-de-negocios-herramientas-para-el-crecimiento-empresarial\/\" >\n\t\t\t\tMujeres de negocios: herramientas para el crecimiento empresarial\t\t\t<\/a>\n\t\t<\/h3>\n\t\t\n\t\t<a class=\"elementor-post__read-more\" href=\"https:\/\/blog.bancatlan.sv\/blog\/mujeres-de-negocios-herramientas-para-el-crecimiento-empresarial\/\" aria-label=\"M\u00e1s informaci\u00f3n sobre Mujeres de negocios: herramientas para el crecimiento empresarial\" tabindex=\"-1\" >\n\t\t\tLeer m\u00e1s \u00bb\t\t<\/a>\n\n\t\t\t\t<\/div>\n\t\t\t\t<\/article>\n\t\t\t\t<article class=\"elementor-post elementor-grid-item post-784 post type-post status-publish format-standard has-post-thumbnail hentry category-productos tag-desarrollo\">\n\t\t\t\t<a class=\"elementor-post__thumbnail__link\" href=\"https:\/\/blog.bancatlan.sv\/blog\/presupuesto-anual-la-clave-para-que-tu-empresa-triunfe\/\" tabindex=\"-1\" >\n\t\t\t<div class=\"elementor-post__thumbnail\"><img loading=\"lazy\" decoding=\"async\" width=\"4963\" height=\"3528\" src=\"https:\/\/blog.bancatlan.sv\/blog\/wp-content\/uploads\/2024\/10\/banner-web.jpg\" class=\"attachment-full size-full wp-image-792\" alt=\"\" \/><\/div>\n\t\t<\/a>\n\t\t\t\t<div class=\"elementor-post__text\">\n\t\t\t\t<h3 class=\"elementor-post__title\">\n\t\t\t<a href=\"https:\/\/blog.bancatlan.sv\/blog\/presupuesto-anual-la-clave-para-que-tu-empresa-triunfe\/\" >\n\t\t\t\tPresupuesto anual: la clave para que tu empresa triunfe\t\t\t<\/a>\n\t\t<\/h3>\n\t\t\n\t\t<a class=\"elementor-post__read-more\" href=\"https:\/\/blog.bancatlan.sv\/blog\/presupuesto-anual-la-clave-para-que-tu-empresa-triunfe\/\" aria-label=\"M\u00e1s informaci\u00f3n sobre Presupuesto anual: la clave para que tu empresa triunfe\" tabindex=\"-1\" >\n\t\t\tLeer m\u00e1s \u00bb\t\t<\/a>\n\n\t\t\t\t<\/div>\n\t\t\t\t<\/article>\n\t\t\t\t<article class=\"elementor-post elementor-grid-item post-774 post type-post status-publish format-standard has-post-thumbnail hentry category-productos tag-desarrollo\">\n\t\t\t\t<a class=\"elementor-post__thumbnail__link\" href=\"https:\/\/blog.bancatlan.sv\/blog\/todo-lo-que-debes-saber-sobre-los-atms-o-cajeros-automaticos\/\" tabindex=\"-1\" >\n\t\t\t<div class=\"elementor-post__thumbnail\"><img loading=\"lazy\" decoding=\"async\" width=\"9504\" height=\"6336\" src=\"https:\/\/blog.bancatlan.sv\/blog\/wp-content\/uploads\/2024\/10\/atm-baes.jpg\" class=\"attachment-full size-full wp-image-776\" alt=\"\" \/><\/div>\n\t\t<\/a>\n\t\t\t\t<div class=\"elementor-post__text\">\n\t\t\t\t<h3 class=\"elementor-post__title\">\n\t\t\t<a href=\"https:\/\/blog.bancatlan.sv\/blog\/todo-lo-que-debes-saber-sobre-los-atms-o-cajeros-automaticos\/\" >\n\t\t\t\tTodo lo que debes saber sobre los ATM\u2019s o cajeros autom\u00e1ticos\t\t\t<\/a>\n\t\t<\/h3>\n\t\t\n\t\t<a class=\"elementor-post__read-more\" href=\"https:\/\/blog.bancatlan.sv\/blog\/todo-lo-que-debes-saber-sobre-los-atms-o-cajeros-automaticos\/\" aria-label=\"M\u00e1s informaci\u00f3n sobre Todo lo que debes saber sobre los ATM\u2019s o cajeros autom\u00e1ticos\" tabindex=\"-1\" >\n\t\t\tLeer m\u00e1s \u00bb\t\t<\/a>\n\n\t\t\t\t<\/div>\n\t\t\t\t<\/article>\n\t\t\t\t<\/div>\n\t\t\n\t\t\t\t<\/div>\n\t\t\t\t<\/div>\n\t\t\t\t\t<\/div>\n\t\t<\/div>\n\t\t\t\t\t\t\t<\/div>\n\t\t<\/section>\n\t\t\t\t\t\t\t<\/div>\n\t\t","protected":false},"excerpt":{"rendered":"","protected":false},"author":1,"featured_media":0,"parent":0,"menu_order":0,"comment_status":"closed","ping_status":"closed","template":"elementor_theme","meta":{"footnotes":""},"class_list":["post-509","page","type-page","status-publish","hentry"],"_links":{"self":[{"href":"https:\/\/blog.bancatlan.sv\/blog\/wp-json\/wp\/v2\/pages\/509","targetHints":{"allow":["GET"]}}],"collection":[{"href":"https:\/\/blog.bancatlan.sv\/blog\/wp-json\/wp\/v2\/pages"}],"about":[{"href":"https:\/\/blog.bancatlan.sv\/blog\/wp-json\/wp\/v2\/types\/page"}],"author":[{"embeddable":true,"href":"https:\/\/blog.bancatlan.sv\/blog\/wp-json\/wp\/v2\/users\/1"}],"replies":[{"embeddable":true,"href":"https:\/\/blog.bancatlan.sv\/blog\/wp-json\/wp\/v2\/comments?post=509"}],"version-history":[{"count":17,"href":"https:\/\/blog.bancatlan.sv\/blog\/wp-json\/wp\/v2\/pages\/509\/revisions"}],"predecessor-version":[{"id":663,"href":"https:\/\/blog.bancatlan.sv\/blog\/wp-json\/wp\/v2\/pages\/509\/revisions\/663"}],"wp:attachment":[{"href":"https:\/\/blog.bancatlan.sv\/blog\/wp-json\/wp\/v2\/media?parent=509"}],"curies":[{"name":"wp","href":"https:\/\/api.w.org\/{rel}","templated":true}]}}